{"id":30,"date":"2026-01-21T10:37:01","date_gmt":"2026-01-21T10:37:01","guid":{"rendered":"https:\/\/raulherreros.fpcei.eu\/?page_id=30"},"modified":"2026-01-21T10:37:01","modified_gmt":"2026-01-21T10:37:01","slug":"sobre-nosotros","status":"publish","type":"page","link":"https:\/\/raulherreros.fpcei.eu\/?page_id=30","title":{"rendered":"Sobre Nosotros"},"content":{"rendered":"\n<p><\/p>\n\n\n\n<p><strong>L\u2019Atelier du Parfum<\/strong>\u00a0nace de la pasi\u00f3n por la alta perfumer\u00eda y la precisi\u00f3n cient\u00edfica. Nuestro fundador \u2014inspirado por la alquimia y la bot\u00e1nica\u2014 convirti\u00f3 su laboratorio en un taller de creaci\u00f3n sensorial, donde cada esencia se compone con rigor y sensibilidad.<\/p>\n\n\n\n<p>Creemos que un perfume no solo se lleva: se experimenta, se recuerda y se convierte en parte de quien lo usa.<\/p>\n\n\n\n<p><\/p>\n","protected":false},"excerpt":{"rendered":"<p>L\u2019Atelier du Parfum\u00a0nace de la pasi\u00f3n por la alta perfumer\u00eda y la precisi\u00f3n cient\u00edfica. Nuestro fundador \u2014inspirado por la alquimia y la bot\u00e1nica\u2014 convirti\u00f3 su laboratorio en un taller de creaci\u00f3n sensorial, donde cada esencia se compone con rigor y sensibilidad. Creemos que un perfume no solo se lleva: se experimenta, se recuerda y se [&hellip;]<\/p>\n","protected":false},"author":2,"featured_media":0,"parent":0,"menu_order":0,"comment_status":"closed","ping_status":"closed","template":"","meta":{"footnotes":""},"class_list":["post-30","page","type-page","status-publish","hentry"],"_links":{"self":[{"href":"https:\/\/raulherreros.fpcei.eu\/index.php?rest_route=\/wp\/v2\/pages\/30","targetHints":{"allow":["GET"]}}],"collection":[{"href":"https:\/\/raulherreros.fpcei.eu\/index.php?rest_route=\/wp\/v2\/pages"}],"about":[{"href":"https:\/\/raulherreros.fpcei.eu\/index.php?rest_route=\/wp\/v2\/types\/page"}],"author":[{"embeddable":true,"href":"https:\/\/raulherreros.fpcei.eu\/index.php?rest_route=\/wp\/v2\/users\/2"}],"replies":[{"embeddable":true,"href":"https:\/\/raulherreros.fpcei.eu\/index.php?rest_route=%2Fwp%2Fv2%2Fcomments&post=30"}],"version-history":[{"count":1,"href":"https:\/\/raulherreros.fpcei.eu\/index.php?rest_route=\/wp\/v2\/pages\/30\/revisions"}],"predecessor-version":[{"id":31,"href":"https:\/\/raulherreros.fpcei.eu\/index.php?rest_route=\/wp\/v2\/pages\/30\/revisions\/31"}],"wp:attachment":[{"href":"https:\/\/raulherreros.fpcei.eu\/index.php?rest_route=%2Fwp%2Fv2%2Fmedia&parent=30"}],"curies":[{"name":"wp","href":"https:\/\/api.w.org\/{rel}","templated":true}]}}