{"id":20,"date":"2026-01-14T10:51:47","date_gmt":"2026-01-14T10:51:47","guid":{"rendered":"https:\/\/raulherreros.fpcei.eu\/?page_id=20"},"modified":"2026-02-18T10:43:58","modified_gmt":"2026-02-18T10:43:58","slug":"hombre","status":"publish","type":"page","link":"https:\/\/raulherreros.fpcei.eu\/?page_id=20","title":{"rendered":"Hombre"},"content":{"rendered":"\n<figure class=\"wp-block-image alignleft size-full is-resized\"><img loading=\"lazy\" decoding=\"async\" width=\"462\" height=\"472\" src=\"https:\/\/raulherreros.fpcei.eu\/wp-content\/uploads\/2026\/01\/Captura-de-pantalla-2026-01-28-113832-1.png\" alt=\"\" class=\"wp-image-51\" style=\"aspect-ratio:0.9788305511517299;width:279px;height:auto\" srcset=\"https:\/\/raulherreros.fpcei.eu\/wp-content\/uploads\/2026\/01\/Captura-de-pantalla-2026-01-28-113832-1.png 462w, https:\/\/raulherreros.fpcei.eu\/wp-content\/uploads\/2026\/01\/Captura-de-pantalla-2026-01-28-113832-1-294x300.png 294w\" sizes=\"auto, (max-width: 462px) 100vw, 462px\" \/><\/figure>\n\n\n\n<div class=\"wp-block-group is-nowrap is-layout-flex wp-container-core-group-is-layout-6c531013 wp-block-group-is-layout-flex\">\n<p class=\"has-text-align-left\">                        <strong>Asad Eau de Parfum<\/strong>&nbsp;de&nbsp;<strong>LATTAFA<\/strong>&nbsp;                                                                               Es una&nbsp;<strong>fragancia<\/strong>&nbsp;masculina creada para quienes desean proyectar una presencia firme y duradera.<\/p>\n<\/div>\n\n\n\n<div class=\"wp-block-group is-nowrap is-layout-flex wp-container-core-group-is-layout-6c531013 wp-block-group-is-layout-flex\">\n<p>La composici\u00f3n de&nbsp;<strong>Asad Eau de Parfum<\/strong>&nbsp;combina acordes amaderados y orientales que definen su car\u00e1cter arom\u00e1tico.&nbsp;<strong>LATTAFA<\/strong>&nbsp;presenta&nbsp;<strong>Asad Eau de Parfum<\/strong>&nbsp;como una opci\u00f3n para uso diario o momentos donde se busca un sello personal marcado por una&nbsp;<strong>fragancia<\/strong>&nbsp;intensa.<\/p>\n\n\n\n<p><\/p>\n<\/div>\n\n\n\n<p><\/p>\n\n\n\n<div class=\"wp-block-group is-nowrap is-layout-flex wp-container-core-group-is-layout-6c531013 wp-block-group-is-layout-flex\">\n<figure class=\"wp-block-image size-full\"><img loading=\"lazy\" decoding=\"async\" width=\"445\" height=\"593\" src=\"https:\/\/raulherreros.fpcei.eu\/wp-content\/uploads\/2026\/02\/perfume-asad-bourbon-100-ml-lattafa.jpg\" alt=\"\" class=\"wp-image-105\" srcset=\"https:\/\/raulherreros.fpcei.eu\/wp-content\/uploads\/2026\/02\/perfume-asad-bourbon-100-ml-lattafa.jpg 445w, https:\/\/raulherreros.fpcei.eu\/wp-content\/uploads\/2026\/02\/perfume-asad-bourbon-100-ml-lattafa-225x300.jpg 225w\" sizes=\"auto, (max-width: 445px) 100vw, 445px\" \/><\/figure>\n\n\n\n<p><strong>Lattafa Asad Bourbon<\/strong>                                                                              Es una variante sofisticada y nocturna del cl\u00e1sico Asad, inspirada en la riqueza del whisky bourbon y las maderas nobles. Es una fragancia masculina ambarada, especiada y alicorada. Se abre con notas especiadas y un acorde de bourbon que aporta calidez y un toque \u201cboozy\u201d elegante. El coraz\u00f3n revela tabaco, vainilla y maderas ahumadas.<\/p>\n<\/div>\n\n\n\n<div class=\"wp-block-group alignwide is-nowrap is-layout-flex wp-container-core-group-is-layout-6c531013 wp-block-group-is-layout-flex\">\n<figure class=\"wp-block-image size-full\"><img loading=\"lazy\" decoding=\"async\" width=\"700\" height=\"700\" src=\"https:\/\/raulherreros.fpcei.eu\/wp-content\/uploads\/2026\/02\/MAIN_3616304691652_8c25.jpeg\" alt=\"\" class=\"wp-image-91\" srcset=\"https:\/\/raulherreros.fpcei.eu\/wp-content\/uploads\/2026\/02\/MAIN_3616304691652_8c25.jpeg 700w, https:\/\/raulherreros.fpcei.eu\/wp-content\/uploads\/2026\/02\/MAIN_3616304691652_8c25-300x300.jpeg 300w, https:\/\/raulherreros.fpcei.eu\/wp-content\/uploads\/2026\/02\/MAIN_3616304691652_8c25-150x150.jpeg 150w\" sizes=\"auto, (max-width: 700px) 100vw, 700px\" \/><\/figure>\n\n\n\n<p>                                                               <strong>Hugo Boss Bottled Elixir<\/strong>                                                                                                                               Esta exquisita fragancia para hombre, que captura un aroma\u00a0<strong>BOSS Bottled<\/strong>\u00a0amaderado y ambarino de alto impacto, presenta c\u00e1lidas notas de salida de incienso y cardamomo, un tentador coraz\u00f3n de vetiver y pachul\u00ed y una base de esencia de cedro.<\/p>\n<\/div>\n\n\n\n<div class=\"wp-block-group alignwide is-nowrap is-layout-flex wp-container-core-group-is-layout-6c531013 wp-block-group-is-layout-flex\">\n<figure class=\"wp-block-image size-full\"><img loading=\"lazy\" decoding=\"async\" width=\"700\" height=\"700\" src=\"https:\/\/raulherreros.fpcei.eu\/wp-content\/uploads\/2026\/02\/3614273954167_1_2df2.jpg\" alt=\"\" class=\"wp-image-92\" srcset=\"https:\/\/raulherreros.fpcei.eu\/wp-content\/uploads\/2026\/02\/3614273954167_1_2df2.jpg 700w, https:\/\/raulherreros.fpcei.eu\/wp-content\/uploads\/2026\/02\/3614273954167_1_2df2-300x300.jpg 300w, https:\/\/raulherreros.fpcei.eu\/wp-content\/uploads\/2026\/02\/3614273954167_1_2df2-150x150.jpg 150w\" sizes=\"auto, (max-width: 700px) 100vw, 700px\" \/><\/figure>\n\n\n\n<p>                                      <strong>GIORGIO ARMANI Acqua Di Gio Parfum Recargable<\/strong>                                                                              Siente la intensidad del mar con el nuevo Acqua Di Gio Parfum. Una fragancia Arom\u00e1tica Acu\u00e1tica Amaderada con un frescor intenso, una nueva estela amaderada de Incienso que desvela una elegancia sensual, para un sello \u00fanico, misterioso e intenso.<\/p>\n<\/div>\n\n\n\n<div class=\"wp-block-group alignwide is-nowrap is-layout-flex wp-container-core-group-is-layout-6c531013 wp-block-group-is-layout-flex\">\n<figure class=\"wp-block-image size-full\"><img loading=\"lazy\" decoding=\"async\" width=\"700\" height=\"700\" src=\"https:\/\/raulherreros.fpcei.eu\/wp-content\/uploads\/2026\/02\/3274872439061_1_41fc.png\" alt=\"\" class=\"wp-image-93\" srcset=\"https:\/\/raulherreros.fpcei.eu\/wp-content\/uploads\/2026\/02\/3274872439061_1_41fc.png 700w, https:\/\/raulherreros.fpcei.eu\/wp-content\/uploads\/2026\/02\/3274872439061_1_41fc-300x300.png 300w, https:\/\/raulherreros.fpcei.eu\/wp-content\/uploads\/2026\/02\/3274872439061_1_41fc-150x150.png 150w\" sizes=\"auto, (max-width: 700px) 100vw, 700px\" \/><\/figure>\n\n\n\n<p>                                                 <strong><a href=\"https:\/\/www.primor.eu\/es_es\/givenchy\">GIVENCHY<\/a> Gentleman R\u00e9serve Priv\u00e9e<\/strong>                                                                                            La\u00a0<strong>elegancia atemporal\u00a0<\/strong>se reinventa con\u00a0<strong>Givenchy Gentleman R\u00e9serve Priv\u00e9e<\/strong>, una fragancia que celebra la sensualidad de la\u00a0<strong>madera ambarina\u00a0<\/strong>y la sofisticaci\u00f3n del\u00a0<strong>lirio et\u00e9reo<\/strong>. Este d\u00fao olfativo crea una composici\u00f3n\u00a0<strong>adictiva y envolvente<\/strong>, s\u00edmbolo del refinamiento contempor\u00e1neo masculino. <\/p>\n<\/div>\n\n\n\n<div class=\"wp-block-group alignwide is-nowrap is-layout-flex wp-container-core-group-is-layout-6c531013 wp-block-group-is-layout-flex\">\n<figure class=\"wp-block-image size-full\"><img loading=\"lazy\" decoding=\"async\" width=\"700\" height=\"700\" src=\"https:\/\/raulherreros.fpcei.eu\/wp-content\/uploads\/2026\/02\/MAIN_3616303476830_862b.jpeg\" alt=\"\" class=\"wp-image-94\" srcset=\"https:\/\/raulherreros.fpcei.eu\/wp-content\/uploads\/2026\/02\/MAIN_3616303476830_862b.jpeg 700w, https:\/\/raulherreros.fpcei.eu\/wp-content\/uploads\/2026\/02\/MAIN_3616303476830_862b-300x300.jpeg 300w, https:\/\/raulherreros.fpcei.eu\/wp-content\/uploads\/2026\/02\/MAIN_3616303476830_862b-150x150.jpeg 150w\" sizes=\"auto, (max-width: 700px) 100vw, 700px\" \/><\/figure>\n\n\n\n<p>                                <strong>CALVIN KLEIN Eternity Men Aromatic Essence Parfum Intense<\/strong>                                                       La nueva y sensual fragancia afrodis\u00edaca<strong>\u00a0ETERNITY AROMATIC ESSENCE<\/strong>\u00a0para hombres aporta un sentido de intriga a las interpretaciones previas de la atemporal fragancia Calvin Klein ETERNITY. Capas de esencia de bayas de enebro sobre un coraz\u00f3n de un adictivo acorde gourmand de coco.\u00a0<\/p>\n\n\n\n<p><\/p>\n<\/div>\n\n\n\n<div class=\"wp-block-group alignwide is-nowrap is-layout-flex wp-container-core-group-is-layout-6c531013 wp-block-group-is-layout-flex\">\n<figure class=\"wp-block-image size-full\"><img loading=\"lazy\" decoding=\"async\" width=\"700\" height=\"700\" src=\"https:\/\/raulherreros.fpcei.eu\/wp-content\/uploads\/2026\/02\/4AM02150_2_a7bc.jpg\" alt=\"\" class=\"wp-image-95\" srcset=\"https:\/\/raulherreros.fpcei.eu\/wp-content\/uploads\/2026\/02\/4AM02150_2_a7bc.jpg 700w, https:\/\/raulherreros.fpcei.eu\/wp-content\/uploads\/2026\/02\/4AM02150_2_a7bc-300x300.jpg 300w, https:\/\/raulherreros.fpcei.eu\/wp-content\/uploads\/2026\/02\/4AM02150_2_a7bc-150x150.jpg 150w\" sizes=\"auto, (max-width: 700px) 100vw, 700px\" \/><\/figure>\n\n\n\n<p>                                              <strong>Carolina Herrera 212 VIP Black <\/strong>                                                                                                       Combina absenta, lavanda y almizcle en una fragancia masculina y sensual que destaca por su elegancia y sofisticaci\u00f3n. Este perfume es el ep\u00edtome del lujo y la sofisticaci\u00f3n que solo Carolina Herrera puede ofrecer.\u00a0<\/p>\n<\/div>\n\n\n\n<div class=\"wp-block-group alignwide is-nowrap is-layout-flex wp-container-core-group-is-layout-6c531013 wp-block-group-is-layout-flex\">\n<figure class=\"wp-block-image size-full\"><img loading=\"lazy\" decoding=\"async\" width=\"700\" height=\"700\" src=\"https:\/\/raulherreros.fpcei.eu\/wp-content\/uploads\/2026\/02\/4AM02873_1_84a4.jpg\" alt=\"\" class=\"wp-image-96\" srcset=\"https:\/\/raulherreros.fpcei.eu\/wp-content\/uploads\/2026\/02\/4AM02873_1_84a4.jpg 700w, https:\/\/raulherreros.fpcei.eu\/wp-content\/uploads\/2026\/02\/4AM02873_1_84a4-300x300.jpg 300w, https:\/\/raulherreros.fpcei.eu\/wp-content\/uploads\/2026\/02\/4AM02873_1_84a4-150x150.jpg 150w\" sizes=\"auto, (max-width: 700px) 100vw, 700px\" \/><\/figure>\n\n\n\n<p>                                                                 <strong>Versace Eros \u00a0<\/strong>                                                                                                                                                 Es una declaraci\u00f3n audaz inspirada en la mitolog\u00eda griega y el dios del amor. M\u00e1s que un perfume, es la expresi\u00f3n perfecta de fuerza, pasi\u00f3n y una sensualidad irresistible para el hombre moderno y carism\u00e1tico.<\/p>\n\n\n\n<p><\/p>\n<\/div>\n\n\n\n<div class=\"wp-block-group alignwide is-nowrap is-layout-flex wp-container-core-group-is-layout-6c531013 wp-block-group-is-layout-flex\">\n<figure class=\"wp-block-image size-full\"><img loading=\"lazy\" decoding=\"async\" width=\"600\" height=\"600\" src=\"https:\/\/raulherreros.fpcei.eu\/wp-content\/uploads\/2026\/02\/1-million-elixir-parfum-intense-2.jpg\" alt=\"\" class=\"wp-image-109\" srcset=\"https:\/\/raulherreros.fpcei.eu\/wp-content\/uploads\/2026\/02\/1-million-elixir-parfum-intense-2.jpg 600w, https:\/\/raulherreros.fpcei.eu\/wp-content\/uploads\/2026\/02\/1-million-elixir-parfum-intense-2-300x300.jpg 300w, https:\/\/raulherreros.fpcei.eu\/wp-content\/uploads\/2026\/02\/1-million-elixir-parfum-intense-2-150x150.jpg 150w\" sizes=\"auto, (max-width: 600px) 100vw, 600px\" \/><\/figure>\n\n\n\n<p>                                               <strong>Rabanne One Million Elixir Parfum Intense<\/strong>                                                                            Fragancia intensa con rosa de Damasco, osmanthus y haba tonka. Un perfume que destaca por su calidad y sofisticaci\u00f3n.\u00a0<strong>One Million Elixir Parfum Intense<\/strong>\u00a0es la c\u00faspide de la intensidad en la l\u00ednea de fragancias Million, dise\u00f1ada para aquellos que buscan una experiencia olfativa \u00fanica y lujosa.\u00a0<\/p>\n<\/div>\n\n\n\n<p><\/p>\n","protected":false},"excerpt":{"rendered":"<p>Asad Eau de Parfum&nbsp;de&nbsp;LATTAFA&nbsp; Es una&nbsp;fragancia&nbsp;masculina creada para quienes desean proyectar una presencia firme y duradera. La composici\u00f3n de&nbsp;Asad Eau de Parfum&nbsp;combina acordes amaderados y orientales que definen su car\u00e1cter arom\u00e1tico.&nbsp;LATTAFA&nbsp;presenta&nbsp;Asad Eau de Parfum&nbsp;como una opci\u00f3n para uso diario o momentos donde se busca un sello personal marcado por una&nbsp;fragancia&nbsp;intensa. Lattafa Asad Bourbon Es una [&hellip;]<\/p>\n","protected":false},"author":2,"featured_media":0,"parent":0,"menu_order":0,"comment_status":"closed","ping_status":"closed","template":"","meta":{"footnotes":""},"class_list":["post-20","page","type-page","status-publish","hentry"],"_links":{"self":[{"href":"https:\/\/raulherreros.fpcei.eu\/index.php?rest_route=\/wp\/v2\/pages\/20","targetHints":{"allow":["GET"]}}],"collection":[{"href":"https:\/\/raulherreros.fpcei.eu\/index.php?rest_route=\/wp\/v2\/pages"}],"about":[{"href":"https:\/\/raulherreros.fpcei.eu\/index.php?rest_route=\/wp\/v2\/types\/page"}],"author":[{"embeddable":true,"href":"https:\/\/raulherreros.fpcei.eu\/index.php?rest_route=\/wp\/v2\/users\/2"}],"replies":[{"embeddable":true,"href":"https:\/\/raulherreros.fpcei.eu\/index.php?rest_route=%2Fwp%2Fv2%2Fcomments&post=20"}],"version-history":[{"count":16,"href":"https:\/\/raulherreros.fpcei.eu\/index.php?rest_route=\/wp\/v2\/pages\/20\/revisions"}],"predecessor-version":[{"id":110,"href":"https:\/\/raulherreros.fpcei.eu\/index.php?rest_route=\/wp\/v2\/pages\/20\/revisions\/110"}],"wp:attachment":[{"href":"https:\/\/raulherreros.fpcei.eu\/index.php?rest_route=%2Fwp%2Fv2%2Fmedia&parent=20"}],"curies":[{"name":"wp","href":"https:\/\/api.w.org\/{rel}","templated":true}]}}